{"id":51384,"date":"2021-08-26T02:22:18","date_gmt":"2021-08-26T02:22:18","guid":{"rendered":"https:\/\/laboratoriosavve.com\/wp\/?page_id=51384"},"modified":"2021-08-30T21:27:44","modified_gmt":"2021-08-30T21:27:44","slug":"fisico-quimico","status":"publish","type":"page","link":"https:\/\/laboratoriosavve.com\/wp\/servicios\/fisico-quimico\/","title":{"rendered":"F\u00edsico Qu\u00edmico"},"content":{"rendered":"<p>[vc_row][vc_column]<!-- Start Services Details \n    ============================================= -->\n    <div class=\"services-details-area default-padding\">\n        <div class=\"container\">\n            <div class=\"row\">\n                <div class=\"col-lg-8 content\">\n                    <div class=\"thumb\">\n                        <img decoding=\"async\" src=\"https:\/\/laboratoriosavve.com\/wp\/wp-content\/uploads\/2021\/08\/top-servicios.jpg\" alt=\"Thumb\">\n                    <\/div>[vc_column_text css=&#8221;.vc_custom_1630268544777{margin-bottom: 15px !important;}&#8221;]<\/p>\n<h3>F\u00edsico Qu\u00edmico<\/h3>\n<p>[\/vc_column_text][vc_column_text css_animation=&#8221;fadeIn&#8221;]\n<table id=\"tablepress-1\" class=\"tablepress tablepress-id-1\">\n<tbody class=\"row-striping row-hover\">\n<tr class=\"row-1\">\n\t<td class=\"column-1\">Acidez<\/td><td class=\"column-2\">Granulometr\u00eda<br \/>\n<\/td>\n<\/tr>\n<tr class=\"row-2\">\n\t<td class=\"column-1\">Aflatoxinas<\/td><td class=\"column-2\">Grasas<\/td>\n<\/tr>\n<tr class=\"row-3\">\n\t<td class=\"column-1\">Aldeh\u00eddos y Esteres en bebidas alcoh\u00f3licas<\/td><td class=\"column-2\">Histaminas<\/td>\n<\/tr>\n<tr class=\"row-4\">\n\t<td class=\"column-1\">Amoniaco<br \/>\n<\/td><td class=\"column-2\">Humedad<\/td>\n<\/tr>\n<tr class=\"row-5\">\n\t<td class=\"column-1\">Az\u00facares directamente reductores<\/td><td class=\"column-2\">\u00edndice de per\u00f3xido<\/td>\n<\/tr>\n<tr class=\"row-6\">\n\t<td class=\"column-1\">Az\u00facares totales por inversi\u00f3n<\/td><td class=\"column-2\">\u00cdndice de refracci\u00f3n<\/td>\n<\/tr>\n<tr class=\"row-7\">\n\t<td class=\"column-1\">Azufre\u00a0<br \/>\n<\/td><td class=\"column-2\">\u00cdndice de saponificaci\u00f3n<\/td>\n<\/tr>\n<tr class=\"row-8\">\n\t<td class=\"column-1\">Bases vol\u00e1tiles totales \/ Nitr\u00f3geno b\u00e1sico vol\u00e1til \/ TVN<\/td><td class=\"column-2\">\u00cdndice de yodo<\/td>\n<\/tr>\n<tr class=\"row-9\">\n\t<td class=\"column-1\">Calificaci\u00f3n de Granos<\/td><td class=\"column-2\">Materia insaponificable<\/td>\n<\/tr>\n<tr class=\"row-10\">\n\t<td class=\"column-1\">Caracteres organol\u00e9pticos<\/td><td class=\"column-2\">Materia insoluble<\/td>\n<\/tr>\n<tr class=\"row-11\">\n\t<td class=\"column-1\">Carbohidratos por diferencia<\/td><td class=\"column-2\">Metabisulfito de sodio (Monnier Williams)<\/td>\n<\/tr>\n<tr class=\"row-12\">\n\t<td class=\"column-1\">Cenizas<\/td><td class=\"column-2\">Nitritos<\/td>\n<\/tr>\n<tr class=\"row-13\">\n\t<td class=\"column-1\">Cenizas insolubles<\/td><td class=\"column-2\">Nitr\u00f3geno Total<\/td>\n<\/tr>\n<tr class=\"row-14\">\n\t<td class=\"column-1\">Cloro activo<\/td><td class=\"column-2\">pH<\/td>\n<\/tr>\n<tr class=\"row-15\">\n\t<td class=\"column-1\">Cloruros<\/td><td class=\"column-2\">Prote\u00ednas<\/td>\n<\/tr>\n<tr class=\"row-16\">\n\t<td class=\"column-1\">Colorantes artificiales<\/td><td class=\"column-2\">Punto de fusi\u00f3n<\/td>\n<\/tr>\n<tr class=\"row-17\">\n\t<td class=\"column-1\">Densidad<\/td><td class=\"column-2\">Rancidez<\/td>\n<\/tr>\n<tr class=\"row-18\">\n\t<td class=\"column-1\">Fibra bruta<\/td><td class=\"column-2\">S\u00f3lidos solubles<br \/>\n<\/td>\n<\/tr>\n<tr class=\"row-19\">\n\t<td class=\"column-1\">Fibra Dietaria<\/td><td class=\"column-2\">S\u00f3lidos totales<\/td>\n<\/tr>\n<tr class=\"row-20\">\n\t<td class=\"column-1\">F\u00f3sforo<\/td><td class=\"column-2\">Tensoactivos<br \/>\n<\/td>\n<\/tr>\n<tr class=\"row-21\">\n\t<td class=\"column-1\">Gluten (Harina de trigo)<\/td><td class=\"column-2\">Ureasa<\/td>\n<\/tr>\n<tr class=\"row-22\">\n\t<td class=\"column-1\">Grado alcoh\u00f3lico<\/td><td class=\"column-2\"><\/td>\n<\/tr>\n<\/tbody>\n<\/table>\n<!-- #tablepress-1 from cache -->[\/vc_column_text]<div class=\"row thumbs\">\n                        <div class=\"col-lg-6 col-md-6\">\n                            <img decoding=\"async\" src=\"https:\/\/laboratoriosavve.com\/wp\/wp-content\/uploads\/2021\/08\/nosotros-1.jpg\" alt=\"Thumb\">\n                        <\/div>\n                        <div class=\"col-lg-6 col-md-6\">\n                            <img decoding=\"async\" src=\"https:\/\/laboratoriosavve.com\/wp\/wp-content\/uploads\/2021\/08\/nosotros-2.jpg\" alt=\"Thumb\">\n                        <\/div>\n                    <\/div>\n                <\/div><div class=\"col-lg-4 sidebar\">\n                    <div class=\"sidebar-item link\">\n                        <ul><li><a class=\"bt-sidebar active\" href=\"https:\/\/laboratoriosavve.com\/wp\/fisico-quimico\/\">F\u00edsico Qu\u00edmico<\/a><\/li><li><a class=\"bt-sidebar \" href=\"https:\/\/laboratoriosavve.com\/wp\/hplc\/\">HPLC<\/a><\/li><li><a class=\"bt-sidebar \" href=\"https:\/\/laboratoriosavve.com\/wp\/absorcion-atomica\/\">Absorci\u00f3n At\u00f3mica<\/a><\/li><li><a class=\"bt-sidebar \" href=\"https:\/\/laboratoriosavve.com\/wp\/microbiologicos\/\">Microbiol\u00f3gicos<\/a><\/li><li><a class=\"bt-sidebar \" href=\"https:\/\/laboratoriosavve.com\/wp\/aguas\/\">Aguas<\/a><\/li><li><a class=\"bt-sidebar \" href=\"https:\/\/laboratoriosavve.com\/wp\/servicios-adicionales\/\">Servicios Adicionales<\/a><\/li><\/ul>\n                    <\/div> <div class=\"sidebar-item banner\">\n                        <div class=\"thumb\">\n                            <img decoding=\"async\" src=\"https:\/\/laboratoriosavve.com\/wp\/wp-content\/uploads\/2021\/08\/telefono.jpg\" alt=\"Thumb\">\n                            <div class=\"content\">\n                                <h5>\u00bfTiene preguntas?<\/h5>\n                                <h3><i class=\"fas fa-phone\"><\/i> 04 2103 206<\/h3>\n                            <\/div>\n                        <\/div>\n                    <\/div><\/div>\n            <\/div>\n        <\/div>\n    <\/div>\n    <!-- End Services Details -->[\/vc_column][\/vc_row]<\/p>\n","protected":false},"excerpt":{"rendered":"<p>[vc_row][vc_column][vc_column_text css=&#8221;.vc_custom_1630268544777{margin-bottom: 15px !important;}&#8221;] F\u00edsico Qu\u00edmico [\/vc_column_text][vc_column_text css_animation=&#8221;fadeIn&#8221;][\/vc_column_text][\/vc_column][\/vc_row]<\/p>\n","protected":false},"author":1,"featured_media":0,"parent":49567,"menu_order":0,"comment_status":"closed","ping_status":"closed","template":"page-templates\/pages.php","meta":{"footnotes":""},"class_list":["post-51384","page","type-page","status-publish","hentry"],"yoast_head":"<!-- This site is optimized with the Yoast SEO plugin v27.5 - https:\/\/yoast.com\/product\/yoast-seo-wordpress\/ -->\n<title>F\u00edsico Qu\u00edmico - Laboratorios AVVE S.A.<\/title>\n<meta name=\"robots\" content=\"index, follow, max-snippet:-1, max-image-preview:large, max-video-preview:-1\" \/>\n<link rel=\"canonical\" href=\"https:\/\/laboratoriosavve.com\/wp\/servicios\/fisico-quimico\/\" \/>\n<meta property=\"og:locale\" content=\"es_ES\" \/>\n<meta property=\"og:type\" content=\"article\" \/>\n<meta property=\"og:title\" content=\"F\u00edsico Qu\u00edmico - Laboratorios AVVE S.A.\" \/>\n<meta property=\"og:description\" content=\"[vc_row][vc_column][vc_column_text css=&#8221;.vc_custom_1630268544777{margin-bottom: 15px !important;}&#8221;] F\u00edsico Qu\u00edmico [\/vc_column_text][vc_column_text css_animation=&#8221;fadeIn&#8221;][\/vc_column_text][\/vc_column][\/vc_row]\" \/>\n<meta property=\"og:url\" content=\"https:\/\/laboratoriosavve.com\/wp\/servicios\/fisico-quimico\/\" \/>\n<meta property=\"og:site_name\" content=\"Laboratorios AVVE S.A.\" \/>\n<meta property=\"article:publisher\" content=\"https:\/\/www.facebook.com\/laboratoriosavve\" \/>\n<meta property=\"article:modified_time\" content=\"2021-08-30T21:27:44+00:00\" \/>\n<meta name=\"twitter:card\" content=\"summary_large_image\" \/>\n<meta name=\"twitter:label1\" content=\"Tiempo de lectura\" \/>\n\t<meta name=\"twitter:data1\" content=\"1 minuto\" \/>\n<script type=\"application\/ld+json\" class=\"yoast-schema-graph\">{\"@context\":\"https:\\\/\\\/schema.org\",\"@graph\":[{\"@type\":\"WebPage\",\"@id\":\"https:\\\/\\\/laboratoriosavve.com\\\/wp\\\/servicios\\\/fisico-quimico\\\/\",\"url\":\"https:\\\/\\\/laboratoriosavve.com\\\/wp\\\/servicios\\\/fisico-quimico\\\/\",\"name\":\"F\u00edsico Qu\u00edmico - Laboratorios AVVE S.A.\",\"isPartOf\":{\"@id\":\"https:\\\/\\\/laboratoriosavve.com\\\/wp\\\/#website\"},\"datePublished\":\"2021-08-26T02:22:18+00:00\",\"dateModified\":\"2021-08-30T21:27:44+00:00\",\"breadcrumb\":{\"@id\":\"https:\\\/\\\/laboratoriosavve.com\\\/wp\\\/servicios\\\/fisico-quimico\\\/#breadcrumb\"},\"inLanguage\":\"es\",\"potentialAction\":[{\"@type\":\"ReadAction\",\"target\":[\"https:\\\/\\\/laboratoriosavve.com\\\/wp\\\/servicios\\\/fisico-quimico\\\/\"]}]},{\"@type\":\"BreadcrumbList\",\"@id\":\"https:\\\/\\\/laboratoriosavve.com\\\/wp\\\/servicios\\\/fisico-quimico\\\/#breadcrumb\",\"itemListElement\":[{\"@type\":\"ListItem\",\"position\":1,\"name\":\"Home\",\"item\":\"https:\\\/\\\/laboratoriosavve.com\\\/wp\\\/\"},{\"@type\":\"ListItem\",\"position\":2,\"name\":\"Servicios\",\"item\":\"https:\\\/\\\/laboratoriosavve.com\\\/wp\\\/servicios\\\/\"},{\"@type\":\"ListItem\",\"position\":3,\"name\":\"F\u00edsico Qu\u00edmico\"}]},{\"@type\":\"WebSite\",\"@id\":\"https:\\\/\\\/laboratoriosavve.com\\\/wp\\\/#website\",\"url\":\"https:\\\/\\\/laboratoriosavve.com\\\/wp\\\/\",\"name\":\"Laboratorios AVVE S.A.\",\"description\":\"Garantizamos su confianza\",\"publisher\":{\"@id\":\"https:\\\/\\\/laboratoriosavve.com\\\/wp\\\/#organization\"},\"potentialAction\":[{\"@type\":\"SearchAction\",\"target\":{\"@type\":\"EntryPoint\",\"urlTemplate\":\"https:\\\/\\\/laboratoriosavve.com\\\/wp\\\/?s={search_term_string}\"},\"query-input\":{\"@type\":\"PropertyValueSpecification\",\"valueRequired\":true,\"valueName\":\"search_term_string\"}}],\"inLanguage\":\"es\"},{\"@type\":\"Organization\",\"@id\":\"https:\\\/\\\/laboratoriosavve.com\\\/wp\\\/#organization\",\"name\":\"Laboratorios AVVE\",\"url\":\"https:\\\/\\\/laboratoriosavve.com\\\/wp\\\/\",\"logo\":{\"@type\":\"ImageObject\",\"inLanguage\":\"es\",\"@id\":\"https:\\\/\\\/laboratoriosavve.com\\\/wp\\\/#\\\/schema\\\/logo\\\/image\\\/\",\"url\":\"https:\\\/\\\/laboratoriosavve.com\\\/wp\\\/wp-content\\\/uploads\\\/2021\\\/10\\\/logoAVVE-1.gif\",\"contentUrl\":\"https:\\\/\\\/laboratoriosavve.com\\\/wp\\\/wp-content\\\/uploads\\\/2021\\\/10\\\/logoAVVE-1.gif\",\"width\":200,\"height\":237,\"caption\":\"Laboratorios AVVE\"},\"image\":{\"@id\":\"https:\\\/\\\/laboratoriosavve.com\\\/wp\\\/#\\\/schema\\\/logo\\\/image\\\/\"},\"sameAs\":[\"https:\\\/\\\/www.facebook.com\\\/laboratoriosavve\",\"https:\\\/\\\/www.instagram.com\\\/laboratoriosavve\\\/\",\"https:\\\/\\\/www.linkedin.com\\\/company\\\/laboratorios-avve\\\/\"]}]}<\/script>\n<!-- \/ Yoast SEO plugin. -->","yoast_head_json":{"title":"F\u00edsico Qu\u00edmico - Laboratorios AVVE S.A.","robots":{"index":"index","follow":"follow","max-snippet":"max-snippet:-1","max-image-preview":"max-image-preview:large","max-video-preview":"max-video-preview:-1"},"canonical":"https:\/\/laboratoriosavve.com\/wp\/servicios\/fisico-quimico\/","og_locale":"es_ES","og_type":"article","og_title":"F\u00edsico Qu\u00edmico - Laboratorios AVVE S.A.","og_description":"[vc_row][vc_column][vc_column_text css=&#8221;.vc_custom_1630268544777{margin-bottom: 15px !important;}&#8221;] F\u00edsico Qu\u00edmico [\/vc_column_text][vc_column_text css_animation=&#8221;fadeIn&#8221;][\/vc_column_text][\/vc_column][\/vc_row]","og_url":"https:\/\/laboratoriosavve.com\/wp\/servicios\/fisico-quimico\/","og_site_name":"Laboratorios AVVE S.A.","article_publisher":"https:\/\/www.facebook.com\/laboratoriosavve","article_modified_time":"2021-08-30T21:27:44+00:00","twitter_card":"summary_large_image","twitter_misc":{"Tiempo de lectura":"1 minuto"},"schema":{"@context":"https:\/\/schema.org","@graph":[{"@type":"WebPage","@id":"https:\/\/laboratoriosavve.com\/wp\/servicios\/fisico-quimico\/","url":"https:\/\/laboratoriosavve.com\/wp\/servicios\/fisico-quimico\/","name":"F\u00edsico Qu\u00edmico - Laboratorios AVVE S.A.","isPartOf":{"@id":"https:\/\/laboratoriosavve.com\/wp\/#website"},"datePublished":"2021-08-26T02:22:18+00:00","dateModified":"2021-08-30T21:27:44+00:00","breadcrumb":{"@id":"https:\/\/laboratoriosavve.com\/wp\/servicios\/fisico-quimico\/#breadcrumb"},"inLanguage":"es","potentialAction":[{"@type":"ReadAction","target":["https:\/\/laboratoriosavve.com\/wp\/servicios\/fisico-quimico\/"]}]},{"@type":"BreadcrumbList","@id":"https:\/\/laboratoriosavve.com\/wp\/servicios\/fisico-quimico\/#breadcrumb","itemListElement":[{"@type":"ListItem","position":1,"name":"Home","item":"https:\/\/laboratoriosavve.com\/wp\/"},{"@type":"ListItem","position":2,"name":"Servicios","item":"https:\/\/laboratoriosavve.com\/wp\/servicios\/"},{"@type":"ListItem","position":3,"name":"F\u00edsico Qu\u00edmico"}]},{"@type":"WebSite","@id":"https:\/\/laboratoriosavve.com\/wp\/#website","url":"https:\/\/laboratoriosavve.com\/wp\/","name":"Laboratorios AVVE S.A.","description":"Garantizamos su confianza","publisher":{"@id":"https:\/\/laboratoriosavve.com\/wp\/#organization"},"potentialAction":[{"@type":"SearchAction","target":{"@type":"EntryPoint","urlTemplate":"https:\/\/laboratoriosavve.com\/wp\/?s={search_term_string}"},"query-input":{"@type":"PropertyValueSpecification","valueRequired":true,"valueName":"search_term_string"}}],"inLanguage":"es"},{"@type":"Organization","@id":"https:\/\/laboratoriosavve.com\/wp\/#organization","name":"Laboratorios AVVE","url":"https:\/\/laboratoriosavve.com\/wp\/","logo":{"@type":"ImageObject","inLanguage":"es","@id":"https:\/\/laboratoriosavve.com\/wp\/#\/schema\/logo\/image\/","url":"https:\/\/laboratoriosavve.com\/wp\/wp-content\/uploads\/2021\/10\/logoAVVE-1.gif","contentUrl":"https:\/\/laboratoriosavve.com\/wp\/wp-content\/uploads\/2021\/10\/logoAVVE-1.gif","width":200,"height":237,"caption":"Laboratorios AVVE"},"image":{"@id":"https:\/\/laboratoriosavve.com\/wp\/#\/schema\/logo\/image\/"},"sameAs":["https:\/\/www.facebook.com\/laboratoriosavve","https:\/\/www.instagram.com\/laboratoriosavve\/","https:\/\/www.linkedin.com\/company\/laboratorios-avve\/"]}]}},"_links":{"self":[{"href":"https:\/\/laboratoriosavve.com\/wp\/wp-json\/wp\/v2\/pages\/51384","targetHints":{"allow":["GET"]}}],"collection":[{"href":"https:\/\/laboratoriosavve.com\/wp\/wp-json\/wp\/v2\/pages"}],"about":[{"href":"https:\/\/laboratoriosavve.com\/wp\/wp-json\/wp\/v2\/types\/page"}],"author":[{"embeddable":true,"href":"https:\/\/laboratoriosavve.com\/wp\/wp-json\/wp\/v2\/users\/1"}],"replies":[{"embeddable":true,"href":"https:\/\/laboratoriosavve.com\/wp\/wp-json\/wp\/v2\/comments?post=51384"}],"version-history":[{"count":14,"href":"https:\/\/laboratoriosavve.com\/wp\/wp-json\/wp\/v2\/pages\/51384\/revisions"}],"predecessor-version":[{"id":51496,"href":"https:\/\/laboratoriosavve.com\/wp\/wp-json\/wp\/v2\/pages\/51384\/revisions\/51496"}],"up":[{"embeddable":true,"href":"https:\/\/laboratoriosavve.com\/wp\/wp-json\/wp\/v2\/pages\/49567"}],"wp:attachment":[{"href":"https:\/\/laboratoriosavve.com\/wp\/wp-json\/wp\/v2\/media?parent=51384"}],"curies":[{"name":"wp","href":"https:\/\/api.w.org\/{rel}","templated":true}]}}